{"id":1010,"date":"2023-11-26T11:38:27","date_gmt":"2023-11-26T11:38:27","guid":{"rendered":"https:\/\/gerhman.com\/?post_type=product&#038;p=1010"},"modified":"2023-11-26T13:46:08","modified_gmt":"2023-11-26T13:46:08","slug":"kdi-01-underfloor-displacement-diffuser","status":"publish","type":"product","link":"https:\/\/gerhman.com\/tr\/urun\/kdi-01-underfloor-displacement-diffuser\/","title":{"rendered":"KDI01 \u2013 d\u00f6\u015feme tipi deplasmanl\u0131 dif\u00fcz\u00f6r"},"content":{"rendered":"<div class=\"page\" title=\"WBL d\u0131\u015f hava panjurlar\u0131 &#039;Z&#039; form kanat profilleri ile en zor hava \u015fartlar\u0131nda y\u00fcksek performans sergiler.\">\n<div class=\"section\">\n<div class=\"layoutArea\">\n<div class=\"column\"><\/div>\n<div class=\"page\" title=\"WBL d\u0131\u015f hava panjurlar\u0131 &#039;Z&#039; form kanat profilleri ile en zor hava \u015fartlar\u0131nda y\u00fcksek performans sergiler.\">\n<div class=\"section\">\n<div class=\"layoutArea\">\n<div class=\"column\">\n<p>Zemin ve d\u00f6\u015feme montaj\u0131 i\u00e7in uygun olan KDI-01 lineer d\u00f6\u015feme tip deplasman dif\u00fcz\u00f6r\u00fc, k\u00fc\u00e7\u00fck hava hacimleri i\u00e7in tasarlanm\u0131\u015f olup, birey ba\u015f\u0131na hijyenik temiz hava ihtiyac\u0131n\u0131 g\u00fcvenilir bir \u015fekilde ve kontrol alt\u0131nda kar\u015f\u0131lamak \u00fczere m\u00fckemmel bir \u015fekilde tasarlanm\u0131\u015ft\u0131r. Bu dif\u00fcz\u00f6rler, konut alanlar\u0131, oteller, t\u0131bbi tedavi odalar\u0131, hastane alanlar\u0131 ve bireysel \u00e7al\u0131\u015fma istasyonlar\u0131, konferans salonlar\u0131, tiyatro ve opera salonlar\u0131 gibi \u00e7e\u015fitli alanlarda kullan\u0131l\u0131r.<\/p>\n<\/div>\n<p>Dif\u00fcz\u00f6rler, y\u00fcksek ind\u00fcksiyon seviyeleri ile hava tedarikini sa\u011flamak ve konfor alan\u0131nda d\u00fc\u015f\u00fck hava h\u0131zlar\u0131 ve \u0131l\u0131man bir s\u0131cakl\u0131k gradyan\u0131 elde etmek i\u00e7in tasarlanm\u0131\u015ft\u0131r. Sabit veya de\u011fi\u015fken debili sistemlere uygundur.<\/p>\n<\/div>\n<p><strong>Teknik \u00d6zellikler<\/strong><\/p>\n<div>\u2022Lineer d\u00f6\u015feme dif\u00fcz\u00f6r\u00fc<\/div>\n<div>\u2022Dekoratif opsiyonlar, paslanmaz \u00e7elik, aluminyum, \u00e7elik<\/div>\n<div>\u2022Metal pislik tutucu sepet ve deplasmanl\u0131 dif\u00fcz\u00f6r \u00fcnitesi<\/div>\n<div>\u2022Geni\u015f hava hacimleri i\u00e7in y\u00fcksek ind\u00fcksiyon<\/div>\n<div>\u2022Y\u00fcksek ind\u00fcksiyon seviyesi<\/div>\n<div>\u2022Kolay temizlik<\/div>\n<div>\u2022Kanall\u0131 ba\u011flant\u0131ya uygun<\/div>\n<\/div>\n<\/div>\n<div>\n<p>&nbsp;<\/p>\n<p><strong>Dif\u00fcz\u00f6r Y\u00fck Ta\u015f\u0131ma Kapasitesi<\/strong><\/p>\n<p>EN 13264:2011 Yap\u0131sal s\u0131n\u0131fland\u0131rma testleri<\/p>\n<p><strong>Y\u00fck s\u0131n\u0131f\u0131:<\/strong> Orta<\/p>\n<\/div>\n<div class=\"page\" title=\"WBL d\u0131\u015f hava panjurlar\u0131 &#039;Z&#039; form kanat profilleri ile en zor hava \u015fartlar\u0131nda y\u00fcksek performans sergiler.\">\n<div class=\"section\">\n<div class=\"page\" title=\"Page 9\"><\/div>\n<\/div>\n<\/div>\n<\/div>\n<\/div>\n<\/div>","protected":false},"excerpt":{"rendered":"<p>KDI-01 linear underfloor displacement diffuser suitable for false floor installation. They are designed for small air volumes, perfectly catering to meet the essentialneed for hygienic fresh<span class=\"excerpt-hellip\"> [\u2026]<\/span><\/p>\n","protected":false},"featured_media":1012,"comment_status":"open","ping_status":"closed","template":"","meta":[],"product_brand":[],"product_cat":[24,33,31,27],"product_tag":[79,82],"class_list":{"0":"post-1010","1":"product","2":"type-product","3":"status-publish","4":"has-post-thumbnail","6":"product_cat-building-ventilation","7":"product_cat-displacement-diffusers","8":"product_cat-floor-diffusers","9":"product_cat-ventilation-diffusers","10":"product_tag-datacenters","11":"product_tag-educational","13":"first","14":"instock","15":"shipping-taxable","16":"product-type-simple"},"_links":{"self":[{"href":"https:\/\/gerhman.com\/tr\/wp-json\/wp\/v2\/product\/1010","targetHints":{"allow":["GET"]}}],"collection":[{"href":"https:\/\/gerhman.com\/tr\/wp-json\/wp\/v2\/product"}],"about":[{"href":"https:\/\/gerhman.com\/tr\/wp-json\/wp\/v2\/types\/product"}],"replies":[{"embeddable":true,"href":"https:\/\/gerhman.com\/tr\/wp-json\/wp\/v2\/comments?post=1010"}],"version-history":[{"count":4,"href":"https:\/\/gerhman.com\/tr\/wp-json\/wp\/v2\/product\/1010\/revisions"}],"predecessor-version":[{"id":1017,"href":"https:\/\/gerhman.com\/tr\/wp-json\/wp\/v2\/product\/1010\/revisions\/1017"}],"wp:featuredmedia":[{"embeddable":true,"href":"https:\/\/gerhman.com\/tr\/wp-json\/wp\/v2\/media\/1012"}],"wp:attachment":[{"href":"https:\/\/gerhman.com\/tr\/wp-json\/wp\/v2\/media?parent=1010"}],"wp:term":[{"taxonomy":"product_brand","embeddable":true,"href":"https:\/\/gerhman.com\/tr\/wp-json\/wp\/v2\/product_brand?post=1010"},{"taxonomy":"product_cat","embeddable":true,"href":"https:\/\/gerhman.com\/tr\/wp-json\/wp\/v2\/product_cat?post=1010"},{"taxonomy":"product_tag","embeddable":true,"href":"https:\/\/gerhman.com\/tr\/wp-json\/wp\/v2\/product_tag?post=1010"}],"curies":[{"name":"wp","href":"https:\/\/api.w.org\/{rel}","templated":true}]}}