{"id":1006,"date":"2023-11-23T22:23:53","date_gmt":"2023-11-23T22:23:53","guid":{"rendered":"https:\/\/gerhman.com\/?post_type=product&#038;p=1006"},"modified":"2024-07-20T21:56:29","modified_gmt":"2024-07-20T21:56:29","slug":"draco-high-induction-ceiling-diffuser","status":"publish","type":"product","link":"https:\/\/gerhman.com\/tr\/urun\/draco-high-induction-ceiling-diffuser\/","title":{"rendered":"DRACO \u2013 ayarlanabilir kanatl\u0131 y\u00fcksek at\u0131\u015fl\u0131 tavan dif\u00fcz\u00f6r\u00fc"},"content":{"rendered":"<div><\/div>\n<div>\n<div>\n<div class=\"page\" title=\"WBL d\u0131\u015f hava panjurlar\u0131 &#039;Z&#039; form kanat profilleri ile en zor hava \u015fartlar\u0131nda y\u00fcksek performans sergiler.\">\n<div class=\"section\">\n<div class=\"layoutArea\">\n<div class=\"column\">\n<p>DRACO y\u00fcksek ind\u00fcksiyonlu dairesel tavan dif\u00fcz\u00f6r\u00fc<br \/>\nair and inducted ambient air. Made in aluminium. Finished in any RAL colour upon request. Recommended installation height between 3 and 15 m. It can be set to a new position by hand or its setting can be changed by a motor.<\/p>\n<\/div>\n<\/div>\n<\/div>\n<\/div>\n<\/div>\n<\/div>\n<div class=\"page\" title=\"WBL d\u0131\u015f hava panjurlar\u0131 &#039;Z&#039; form kanat profilleri ile en zor hava \u015fartlar\u0131nda y\u00fcksek performans sergiler.\">\n<div class=\"section\">\n<div class=\"layoutArea\">\n<div class=\"column\">\n<ul>\n<li>Maksimum tavan y\u00fcksekli\u011fi 3-15 m olan alanlar i\u00e7in \u00f6nerilir.<\/li>\n<li>Y\u00fcksek \u00fcfleme debileri i\u00e7in uygundur<\/li>\n<li>Manuel veya motorlu kontrol<\/li>\n<\/ul>\n<\/div>\n<\/div>\n<\/div>\n<\/div>","protected":false},"excerpt":{"rendered":"<p>DRACO High-induction circular diffuser, for mixing primary air and inducted ambient air. Made in aluminium. Finished in any RAL colour upon request. Recommended installation height between<span class=\"excerpt-hellip\"> [\u2026]<\/span><\/p>\n","protected":false},"featured_media":1008,"comment_status":"open","ping_status":"closed","template":"","meta":[],"product_brand":[],"product_cat":[24,30,27],"product_tag":[],"class_list":{"0":"post-1006","1":"product","2":"type-product","3":"status-publish","4":"has-post-thumbnail","6":"product_cat-building-ventilation","7":"product_cat-ceiling-diffusers","8":"product_cat-ventilation-diffusers","10":"first","11":"instock","12":"shipping-taxable","13":"product-type-simple"},"_links":{"self":[{"href":"https:\/\/gerhman.com\/tr\/wp-json\/wp\/v2\/product\/1006","targetHints":{"allow":["GET"]}}],"collection":[{"href":"https:\/\/gerhman.com\/tr\/wp-json\/wp\/v2\/product"}],"about":[{"href":"https:\/\/gerhman.com\/tr\/wp-json\/wp\/v2\/types\/product"}],"replies":[{"embeddable":true,"href":"https:\/\/gerhman.com\/tr\/wp-json\/wp\/v2\/comments?post=1006"}],"version-history":[{"count":1,"href":"https:\/\/gerhman.com\/tr\/wp-json\/wp\/v2\/product\/1006\/revisions"}],"predecessor-version":[{"id":1009,"href":"https:\/\/gerhman.com\/tr\/wp-json\/wp\/v2\/product\/1006\/revisions\/1009"}],"wp:featuredmedia":[{"embeddable":true,"href":"https:\/\/gerhman.com\/tr\/wp-json\/wp\/v2\/media\/1008"}],"wp:attachment":[{"href":"https:\/\/gerhman.com\/tr\/wp-json\/wp\/v2\/media?parent=1006"}],"wp:term":[{"taxonomy":"product_brand","embeddable":true,"href":"https:\/\/gerhman.com\/tr\/wp-json\/wp\/v2\/product_brand?post=1006"},{"taxonomy":"product_cat","embeddable":true,"href":"https:\/\/gerhman.com\/tr\/wp-json\/wp\/v2\/product_cat?post=1006"},{"taxonomy":"product_tag","embeddable":true,"href":"https:\/\/gerhman.com\/tr\/wp-json\/wp\/v2\/product_tag?post=1006"}],"curies":[{"name":"wp","href":"https:\/\/api.w.org\/{rel}","templated":true}]}}